{"id":645,"date":"2022-08-24T09:47:49","date_gmt":"2022-08-24T09:47:49","guid":{"rendered":"https:\/\/www.metpol.net\/de\/?page_id=645"},"modified":"2022-09-08T14:51:33","modified_gmt":"2022-09-08T14:51:33","slug":"pozostale","status":"publish","type":"page","link":"https:\/\/www.metpol.net\/de\/pozostale\/","title":{"rendered":"Inne produkty"},"content":{"rendered":"<p>[vc_row css_animation=&#8221;&#8221; row_type=&#8221;row&#8221; use_row_as_full_screen_section=&#8221;no&#8221; type=&#8221;full_width&#8221; angled_section=&#8221;no&#8221; text_align=&#8221;left&#8221; background_image_as_pattern=&#8221;without_pattern&#8221;][vc_column][vc_column_text css=&#8221;.vc_custom_1662648627004{padding-top: 20px !important;padding-bottom: 20px !important;}&#8221;]<\/p>\n<h3 class=\"fusion-responsive-typography-calculated\" style=\"text-align: center;\" data-fontsize=\"48\" data-lineheight=\"57.6px\">Das Angebot umfasst au\u00dferdem:<\/h3>\n<p>[\/vc_column_text][vc_zigzag color=&#8221;white&#8221; el_border_width=&#8221;15&#8243; css_animation=&#8221;fadeInUp&#8221; css=&#8221;.vc_custom_1661260972488{padding-top: 30px !important;padding-bottom: 30px !important;}&#8221;][\/vc_column][\/vc_row][vc_row css_animation=&#8221;&#8221; row_type=&#8221;row&#8221; use_row_as_full_screen_section=&#8221;no&#8221; type=&#8221;full_width&#8221; angled_section=&#8221;no&#8221; text_align=&#8221;left&#8221; background_image_as_pattern=&#8221;without_pattern&#8221;][vc_column width=&#8221;1\/2&#8243;][vc_column_text css=&#8221;.vc_custom_1662648543060{padding-top: 20px !important;padding-bottom: 20px !important;}&#8221;]<\/p>\n<h3>Englischer Stecker<\/h3>\n<p>[\/vc_column_text][vc_single_image image=&#8221;657&#8243; img_size=&#8221;full&#8221; qode_css_animation=&#8221;element_from_right&#8221; css=&#8221;.vc_custom_1661346808079{padding-top: 50px !important;}&#8221;][vc_column_text]<\/p>\n<ul>\n<li>Anschlusskabel und Verl\u00e4ngerungskabel<\/li>\n<li>Produkte f\u00fcr den Export<\/li>\n<\/ul>\n<p>[\/vc_column_text][vc_zigzag color=&#8221;white&#8221; el_border_width=&#8221;15&#8243; css_animation=&#8221;fadeInUp&#8221; css=&#8221;.vc_custom_1661260972488{padding-top: 30px !important;padding-bottom: 30px !important;}&#8221;][\/vc_column][vc_column width=&#8221;1\/2&#8243;][vc_column_text css=&#8221;.vc_custom_1662648515516{padding-top: 20px !important;padding-bottom: 20px !important;}&#8221;]<\/p>\n<h3>Spiralkabel<\/h3>\n<p>[\/vc_column_text][vc_single_image image=&#8221;659&#8243; img_size=&#8221;full&#8221; qode_css_animation=&#8221;element_from_right&#8221; css=&#8221;.vc_custom_1661346816656{padding-top: 50px !important;}&#8221;][vc_column_text]<\/p>\n<ul>\n<li>Verbindungskabel<\/li>\n<li>flexible Verl\u00e4ngerungskabel<\/li>\n<\/ul>\n<p>[\/vc_column_text][vc_zigzag color=&#8221;white&#8221; el_border_width=&#8221;15&#8243; css_animation=&#8221;fadeInUp&#8221; css=&#8221;.vc_custom_1661260972488{padding-top: 30px !important;padding-bottom: 30px !important;}&#8221;][\/vc_column][\/vc_row][vc_row css_animation=&#8221;&#8221; row_type=&#8221;row&#8221; use_row_as_full_screen_section=&#8221;no&#8221; type=&#8221;full_width&#8221; angled_section=&#8221;no&#8221; text_align=&#8221;left&#8221; background_image_as_pattern=&#8221;without_pattern&#8221;][vc_column width=&#8221;1\/2&#8243;][vc_column_text]<\/p>\n<h3>Geflochtene Kabel<\/h3>\n<p>[\/vc_column_text][vc_single_image image=&#8221;658&#8243; img_size=&#8221;full&#8221; qode_css_animation=&#8221;element_from_right&#8221; css=&#8221;.vc_custom_1661346823872{padding-top: 50px !important;}&#8221;][vc_column_text]<\/p>\n<ul>\n<li>Geflochtene Kabel Beleuchtungsindustrie<\/li>\n<li>Verbindungskabel f\u00fcr Ger\u00e4te<\/li>\n<\/ul>\n<p>[\/vc_column_text][\/vc_column][vc_column width=&#8221;1\/2&#8243;][vc_column_text]<\/p>\n<h3>Leistungsschalter an Dr\u00e4hten<\/h3>\n<p>[\/vc_column_text][vc_single_image image=&#8221;660&#8243; img_size=&#8221;full&#8221; qode_css_animation=&#8221;element_from_right&#8221; css=&#8221;.vc_custom_1661346831557{padding-top: 50px !important;}&#8221;][vc_column_text]<\/p>\n<ul>\n<li>Beleuchtungsindustrie<\/li>\n<li>Verbindungskabel f\u00fcr Ger\u00e4te<\/li>\n<\/ul>\n<p>[\/vc_column_text][\/vc_column][\/vc_row][vc_row css_animation=&#8221;&#8221; row_type=&#8221;row&#8221; use_row_as_full_screen_section=&#8221;no&#8221; type=&#8221;full_width&#8221; angled_section=&#8221;no&#8221; text_align=&#8221;left&#8221; background_image_as_pattern=&#8221;without_pattern&#8221;][vc_column][vc_zigzag color=&#8221;white&#8221; el_border_width=&#8221;15&#8243; css_animation=&#8221;fadeInUp&#8221; css=&#8221;.vc_custom_1661260972488{padding-top: 30px !important;padding-bottom: 30px !important;}&#8221;][vc_column_text css=&#8221;.vc_custom_1662648608676{padding-bottom: 30px !important;}&#8221;]<\/p>\n<h3>Herstellung von Spritzgussformen und Metallformen<\/h3>\n<p>[\/vc_column_text][vc_column_text]Wir verf\u00fcgen \u00fcber einen modernen Werkzeugbau, der sich mit der Herstellung von Spritzgussformen und Metallstanzwerkzeugen befasst. Seit 2007 bietet unsere Werkstatt auch Schlosserarbeiten f\u00fcr Fremdfirmen an. Wir bem\u00fchen uns sicherzustellen, dass alle unsere Produkte mit gr\u00f6\u00dfter Sorgfalt hergestellt werden und strenge Qualit\u00e4tsstandards erf\u00fcllen. Zu diesem Zweck haben wir seit 2006 das Qualit\u00e4tsmanagementsystem ISO 9001:2015 implementiert.[\/vc_column_text][vc_zigzag color=&#8221;white&#8221; el_border_width=&#8221;15&#8243; css_animation=&#8221;fadeInUp&#8221; css=&#8221;.vc_custom_1661260972488{padding-top: 30px !important;padding-bottom: 30px !important;}&#8221;][\/vc_column][\/vc_row]<\/p>\n","protected":false},"excerpt":{"rendered":"<p>[vc_row css_animation=&#8221;&#8221; row_type=&#8221;row&#8221; use_row_as_full_screen_section=&#8221;no&#8221; type=&#8221;full_width&#8221; angled_section=&#8221;no&#8221; text_align=&#8221;left&#8221; background_image_as_pattern=&#8221;without_pattern&#8221;][vc_column][vc_column_text css=&#8221;.vc_custom_1662648627004{padding-top: 20px !important;padding-bottom: 20px !important;}&#8221;] Das Angebot umfasst au\u00dferdem: [\/vc_column_text][vc_zigzag color=&#8221;white&#8221; el_border_width=&#8221;15&#8243; css_animation=&#8221;fadeInUp&#8221; css=&#8221;.vc_custom_1661260972488{padding-top: 30px !important;padding-bottom: 30px !important;}&#8221;][\/vc_column][\/vc_row][vc_row css_animation=&#8221;&#8221; row_type=&#8221;row&#8221; use_row_as_full_screen_section=&#8221;no&#8221; type=&#8221;full_width&#8221; angled_section=&#8221;no&#8221; text_align=&#8221;left&#8221; background_image_as_pattern=&#8221;without_pattern&#8221;][vc_column width=&#8221;1\/2&#8243;][vc_column_text css=&#8221;.vc_custom_1662648543060{padding-top: 20px !important;padding-bottom: 20px !important;}&#8221;] Englischer Stecker [\/vc_column_text][vc_single_image image=&#8221;657&#8243; img_size=&#8221;full&#8221; qode_css_animation=&#8221;element_from_right&#8221;&#8230;<\/p>\n","protected":false},"author":1,"featured_media":0,"parent":0,"menu_order":0,"comment_status":"closed","ping_status":"closed","template":"","meta":[],"_links":{"self":[{"href":"https:\/\/www.metpol.net\/de\/wp-json\/wp\/v2\/pages\/645"}],"collection":[{"href":"https:\/\/www.metpol.net\/de\/wp-json\/wp\/v2\/pages"}],"about":[{"href":"https:\/\/www.metpol.net\/de\/wp-json\/wp\/v2\/types\/page"}],"author":[{"embeddable":true,"href":"https:\/\/www.metpol.net\/de\/wp-json\/wp\/v2\/users\/1"}],"replies":[{"embeddable":true,"href":"https:\/\/www.metpol.net\/de\/wp-json\/wp\/v2\/comments?post=645"}],"version-history":[{"count":14,"href":"https:\/\/www.metpol.net\/de\/wp-json\/wp\/v2\/pages\/645\/revisions"}],"predecessor-version":[{"id":647,"href":"https:\/\/www.metpol.net\/de\/wp-json\/wp\/v2\/pages\/645\/revisions\/647"}],"wp:attachment":[{"href":"https:\/\/www.metpol.net\/de\/wp-json\/wp\/v2\/media?parent=645"}],"curies":[{"name":"wp","href":"https:\/\/api.w.org\/{rel}","templated":true}]}}