{"id":303,"date":"2018-03-06T09:51:36","date_gmt":"2018-03-06T09:51:36","guid":{"rendered":"http:\/\/bridge176.qodeinteractive.com\/?page_id=5"},"modified":"2022-09-08T16:13:11","modified_gmt":"2022-09-08T16:13:11","slug":"home","status":"publish","type":"page","link":"https:\/\/www.metpol.net\/de\/","title":{"rendered":"Start"},"content":{"rendered":"<p>[vc_row row_type=&#8221;parallax&#8221; header_style=&#8221;dark&#8221; parallax_content_width=&#8221;in_grid&#8221; text_align=&#8221;left&#8221; full_screen_section_height=&#8221;yes&#8221; css=&#8221;.vc_custom_1662653391725{background-image: url(https:\/\/www.metpol.net\/de\/wp-content\/uploads\/2022\/08\/slidery_jasne-1-2.jpg?id=328) !important;background-position: center !important;background-repeat: no-repeat !important;background-size: cover !important;}&#8221; background_image=&#8221;946&#8243;][vc_column offset=&#8221;vc_col-md-5&#8243;][qode_elements_holder number_of_columns=&#8221;one_column&#8221;][qode_elements_holder_item advanced_animations=&#8221;no&#8221; item_padding=&#8221;0px 0px 0 55px&#8221; item_padding_768_1024=&#8221;20px 0px 0 0px&#8221; item_padding_480_600=&#8221;0 0 0 0&#8243; item_padding_480=&#8221;0 0 0 0&#8243;][vc_empty_space height=&#8221;190px&#8221;][vc_column_text]<\/p>\n<h4><span style=\"color: #7ec1c9;\">Wir verbinden Sie<\/span><\/h4>\n<p>[\/vc_column_text][vc_column_text]<\/p>\n<h1><span style=\"color: #7ec1c9;\">immer sicher!<\/span><\/h1>\n<p>[\/vc_column_text][\/qode_elements_holder_item][\/qode_elements_holder][\/vc_column][vc_column offset=&#8221;vc_col-md-7&#8243;][qode_elements_holder number_of_columns=&#8221;one_column&#8221;][qode_elements_holder_item advanced_animations=&#8221;no&#8221; item_padding=&#8221;0 0 0 0&#8243; item_padding_480_600=&#8221;0 0 80px 0&#8243; item_padding_480=&#8221;0 0 80px 0&#8243;][vc_single_image image=&#8221;360&#8243; img_size=&#8221;large&#8221; qode_css_animation=&#8221;element_from_bottom&#8221;][\/qode_elements_holder_item][\/qode_elements_holder][\/vc_column][\/vc_row][vc_row css_animation=&#8221;element_from_bottom&#8221; row_type=&#8221;row&#8221; use_row_as_full_screen_section=&#8221;no&#8221; type=&#8221;grid&#8221; angled_section=&#8221;no&#8221; text_align=&#8221;left&#8221; background_image_as_pattern=&#8221;without_pattern&#8221; css=&#8221;.vc_custom_1662653588255{padding-top: 50px !important;background-color: #7ec1c9 !important;}&#8221; z_index=&#8221;&#8221;][vc_column width=&#8221;1\/5&#8243;]<div class='q_icon_with_title tiny custom_icon_image center '><div class=\"icon_holder \" style=\" \"><img itemprop=\"image\" style=\"\" src=\"https:\/\/www.metpol.net\/de\/wp-content\/uploads\/2022\/08\/custom-icon-ok.png\" alt=\"\"><\/div><div class=\"icon_text_holder\" style=\"\"><div class=\"icon_text_inner\" style=\"\"><h5 class=\"icon_title\" style=\"color: #ffffff;\">Qualit\u00e4tsgarantie<\/h5><p style=''><\/p><\/div><\/div><\/div>[\/vc_column][vc_column width=&#8221;1\/5&#8243;]<div class='q_icon_with_title tiny custom_icon_image center '><div class=\"icon_holder \" style=\" \"><img itemprop=\"image\" style=\"\" src=\"https:\/\/www.metpol.net\/de\/wp-content\/uploads\/2022\/08\/custom-icon-gniazdko.png\" alt=\"\"><\/div><div class=\"icon_text_holder\" style=\"\"><div class=\"icon_text_inner\" style=\"\"><h5 class=\"icon_title\" style=\"color: #ffffff;\">Flexible Produktion<\/h5><p style=''><\/p><\/div><\/div><\/div>[\/vc_column][vc_column width=&#8221;1\/5&#8243;]<div class='q_icon_with_title tiny custom_icon_image center '><div class=\"icon_holder \" style=\" \"><img itemprop=\"image\" style=\"\" src=\"https:\/\/www.metpol.net\/de\/wp-content\/uploads\/2022\/08\/custom-icon-wtyk.png\" alt=\"\"><\/div><div class=\"icon_text_holder\" style=\"\"><div class=\"icon_text_inner\" style=\"\"><h5 class=\"icon_title\" style=\"color: #ffffff;\">27 Jahre Erfahrung<\/h5><p style=''><\/p><\/div><\/div><\/div>[\/vc_column][vc_column width=&#8221;1\/5&#8243;]<div class='q_icon_with_title tiny custom_icon_image center '><div class=\"icon_holder \" style=\" \"><img itemprop=\"image\" style=\"\" src=\"https:\/\/www.metpol.net\/de\/wp-content\/uploads\/2022\/08\/custom-icon-cert.png\" alt=\"\"><\/div><div class=\"icon_text_holder\" style=\"\"><div class=\"icon_text_inner\" style=\"\"><h5 class=\"icon_title\" style=\"color: #ffffff;\">Produkte mit Zertifizierung<\/h5><p style=''><\/p><\/div><\/div><\/div>[\/vc_column][vc_column width=&#8221;1\/5&#8243;]<div class='q_icon_with_title tiny custom_icon_image center '><div class=\"icon_holder \" style=\" \"><img itemprop=\"image\" style=\"\" src=\"https:\/\/www.metpol.net\/de\/wp-content\/uploads\/2022\/08\/custom-icon-hand.png\" alt=\"\"><\/div><div class=\"icon_text_holder\" style=\"\"><div class=\"icon_text_inner\" style=\"\"><h5 class=\"icon_title\" style=\"color: #ffffff;\">Ein vertrauensw\u00fcrdiger Partner<\/h5><p style=''><\/p><\/div><\/div><\/div>[\/vc_column][\/vc_row][vc_row css_animation=&#8221;&#8221; row_type=&#8221;row&#8221; use_row_as_full_screen_section=&#8221;no&#8221; type=&#8221;grid&#8221; angled_section=&#8221;no&#8221; text_align=&#8221;left&#8221; background_image_as_pattern=&#8221;without_pattern&#8221; padding_top=&#8221;89&#8243; padding_bottom=&#8221;1&#8243; z_index=&#8221;&#8221; css=&#8221;.vc_custom_1661350901285{background-image: url(http:\/\/bridge176.qodeinteractive.com\/wp-content\/uploads\/2018\/03\/home-background-2.jpg?id=86) !important;background-position: center !important;background-repeat: no-repeat !important;background-size: cover !important;}&#8221;][vc_column css=&#8221;.vc_custom_1661351008691{margin-bottom: -150px !important;}&#8221;][vc_row_inner row_type=&#8221;row&#8221; type=&#8221;full_width&#8221; text_align=&#8221;left&#8221; css_animation=&#8221;&#8221; padding_top=&#8221;63&#8243; padding_bottom=&#8221;121&#8243;][vc_column_inner offset=&#8221;vc_col-md-6&#8243;][qode_elements_holder number_of_columns=&#8221;one_column&#8221;][qode_elements_holder_item advanced_animations=&#8221;no&#8221; item_padding=&#8221;0px 0px 0 150px&#8221; item_padding_1280_1440=&#8221;0px 0px 0 70px&#8221; item_padding_768_1024=&#8221;0 0 0 0&#8243; item_padding_480_600=&#8221;0 0 0 0&#8243; item_padding_480=&#8221;0 0 0 0&#8243;][vc_single_image image=&#8221;490&#8243; img_size=&#8221;full&#8221; qode_css_animation=&#8221;element_from_left&#8221;][\/qode_elements_holder_item][\/qode_elements_holder][\/vc_column_inner][vc_column_inner offset=&#8221;vc_col-md-6&#8243; css=&#8221;.vc_custom_1661350927539{padding-bottom: -80px !important;}&#8221;][qode_elements_holder number_of_columns=&#8221;one_column&#8221;][qode_elements_holder_item advanced_animations=&#8221;no&#8221; item_padding=&#8221;78px 50px 0 0&#8243; item_padding_768_1024=&#8221;40px 0px 0 0&#8243; item_padding_480_600=&#8221;50px 0px 0 0&#8243; item_padding_480=&#8221;50px 0px 0 0&#8243;]<div class=\"qode-accordion-holder clearfix qode-accordion qode-initial \">\n\t<h4 class=\"clearfix qode-title-holder\">\n<span class=\"qode-tab-title\">\n\t    <span class=\"qode-tab-title-inner\">\n        Breites Angebot    <\/span>\n<\/span>\n<span class=\"qode-accordion-mark\">\n    <span class=\"qode-accordion-mark-icon\">\n        <span class=\"icon_plus\"><\/span>\n        <span class=\"icon_minus-06\"><\/span>\n    <\/span>\n<\/span>\n<\/h4>\n<div  class=\"qode-accordion-content \" >\n    <div class=\"qode-accordion-content-inner\">\n        [vc_column_text]Wir passen die Kabel den Kundenanforderungen an in Bezug auf:<br \/>\n\u2022 Farbe<br \/>\n\u2022 L\u00e4nge<br \/>\n\u2022 Behandlung von Venen<br \/>\n\u2022 Kabeltyp[\/vc_column_text]    <\/div>\n<\/div><h4 class=\"clearfix qode-title-holder\">\n<span class=\"qode-tab-title\">\n\t    <span class=\"qode-tab-title-inner\">\n        ISO 9001:2015    <\/span>\n<\/span>\n<span class=\"qode-accordion-mark\">\n    <span class=\"qode-accordion-mark-icon\">\n        <span class=\"icon_plus\"><\/span>\n        <span class=\"icon_minus-06\"><\/span>\n    <\/span>\n<\/span>\n<\/h4>\n<div  class=\"qode-accordion-content \" >\n    <div class=\"qode-accordion-content-inner\">\n        [vc_column_text]Um die h\u00f6chste Qualit\u00e4t unserer Kabel, Schneideisen, Stecker und anderer Produkte zu gew\u00e4hrleisten, haben wir das Qualit\u00e4tsmanagementsystem ISO 9001:2015 implementiert und wenden es an.[\/vc_column_text]    <\/div>\n<\/div><h4 class=\"clearfix qode-title-holder\">\n<span class=\"qode-tab-title\">\n\t    <span class=\"qode-tab-title-inner\">\n        Kooperation    <\/span>\n<\/span>\n<span class=\"qode-accordion-mark\">\n    <span class=\"qode-accordion-mark-icon\">\n        <span class=\"icon_plus\"><\/span>\n        <span class=\"icon_minus-06\"><\/span>\n    <\/span>\n<\/span>\n<\/h4>\n<div  class=\"qode-accordion-content \" >\n    <div class=\"qode-accordion-content-inner\">\n        [vc_column_text]Uns geht es nicht um leichten Gewinn, sondern um den Ruf eines zuverl\u00e4ssigen Partners, mit dem es sich lohnt, eine langfristige Zusammenarbeit zu beginnen.[\/vc_column_text]    <\/div>\n<\/div><h4 class=\"clearfix qode-title-holder\">\n<span class=\"qode-tab-title\">\n\t    <span class=\"qode-tab-title-inner\">\n        27 Jahre Erfahrung    <\/span>\n<\/span>\n<span class=\"qode-accordion-mark\">\n    <span class=\"qode-accordion-mark-icon\">\n        <span class=\"icon_plus\"><\/span>\n        <span class=\"icon_minus-06\"><\/span>\n    <\/span>\n<\/span>\n<\/h4>\n<div  class=\"qode-accordion-content \" >\n    <div class=\"qode-accordion-content-inner\">\n        [vc_column_text]Wir haben strenge Standards im Bereich der Sicherheitsanforderungen eingef\u00fchrt, und die Produkte erf\u00fcllen die Anforderungen der Richtlinie der Europ\u00e4ischen Union und sind mit dem CE-Symbol und dem Sicherheitszeichen B, VDE, ENEC gekennzeichnet. Im Jahr 2006 haben wir das Qualit\u00e4tsmanagementsystem ISO 9001: 2015 eingef\u00fchrt[\/vc_column_text]    <\/div>\n<\/div><\/div>[\/qode_elements_holder_item][\/qode_elements_holder][\/vc_column_inner][\/vc_row_inner][\/vc_column][\/vc_row]<\/p>\n","protected":false},"excerpt":{"rendered":"<p>[vc_row row_type=&#8221;parallax&#8221; header_style=&#8221;dark&#8221; parallax_content_width=&#8221;in_grid&#8221; text_align=&#8221;left&#8221; full_screen_section_height=&#8221;yes&#8221; css=&#8221;.vc_custom_1662653391725{background-image: url(https:\/\/www.metpol.net\/de\/wp-content\/uploads\/2022\/08\/slidery_jasne-1-2.jpg?id=328) !important;background-position: center !important;background-repeat: no-repeat !important;background-size: cover !important;}&#8221; background_image=&#8221;946&#8243;][vc_column offset=&#8221;vc_col-md-5&#8243;][qode_elements_holder number_of_columns=&#8221;one_column&#8221;][qode_elements_holder_item advanced_animations=&#8221;no&#8221; item_padding=&#8221;0px 0px 0 55px&#8221; item_padding_768_1024=&#8221;20px 0px 0 0px&#8221; item_padding_480_600=&#8221;0 0 0 0&#8243; item_padding_480=&#8221;0 0 0 0&#8243;][vc_empty_space height=&#8221;190px&#8221;][vc_column_text] Wir verbinden Sie [\/vc_column_text][vc_column_text] immer sicher! [\/vc_column_text][\/qode_elements_holder_item][\/qode_elements_holder][\/vc_column][vc_column offset=&#8221;vc_col-md-7&#8243;][qode_elements_holder number_of_columns=&#8221;one_column&#8221;][qode_elements_holder_item&#8230;<\/p>\n","protected":false},"author":1,"featured_media":0,"parent":0,"menu_order":0,"comment_status":"closed","ping_status":"closed","template":"full_width.php","meta":[],"_links":{"self":[{"href":"https:\/\/www.metpol.net\/de\/wp-json\/wp\/v2\/pages\/303"}],"collection":[{"href":"https:\/\/www.metpol.net\/de\/wp-json\/wp\/v2\/pages"}],"about":[{"href":"https:\/\/www.metpol.net\/de\/wp-json\/wp\/v2\/types\/page"}],"author":[{"embeddable":true,"href":"https:\/\/www.metpol.net\/de\/wp-json\/wp\/v2\/users\/1"}],"replies":[{"embeddable":true,"href":"https:\/\/www.metpol.net\/de\/wp-json\/wp\/v2\/comments?post=303"}],"version-history":[{"count":73,"href":"https:\/\/www.metpol.net\/de\/wp-json\/wp\/v2\/pages\/303\/revisions"}],"predecessor-version":[{"id":951,"href":"https:\/\/www.metpol.net\/de\/wp-json\/wp\/v2\/pages\/303\/revisions\/951"}],"wp:attachment":[{"href":"https:\/\/www.metpol.net\/de\/wp-json\/wp\/v2\/media?parent=303"}],"curies":[{"name":"wp","href":"https:\/\/api.w.org\/{rel}","templated":true}]}}