{"id":2,"date":"2022-07-11T09:31:24","date_gmt":"2022-07-11T09:31:24","guid":{"rendered":"https:\/\/www.metpol.net\/de\/?page_id=2"},"modified":"2022-09-08T14:28:06","modified_gmt":"2022-09-08T14:28:06","slug":"wtyczki-nierozbieralne","status":"publish","type":"page","link":"https:\/\/www.metpol.net\/de\/wtyczki-nierozbieralne\/","title":{"rendered":"Stecker"},"content":{"rendered":"<p>[vc_row css_animation=&#8221;&#8221; row_type=&#8221;row&#8221; use_row_as_full_screen_section=&#8221;no&#8221; type=&#8221;full_width&#8221; angled_section=&#8221;no&#8221; text_align=&#8221;left&#8221; background_image_as_pattern=&#8221;without_pattern&#8221;][vc_column][vc_column_text css=&#8221;.vc_custom_1662645833476{padding-top: 20px !important;padding-bottom: 20px !important;}&#8221;]<\/p>\n<h3 style=\"text-align: center;\">Stecker<\/h3>\n<p>[\/vc_column_text][vc_zigzag color=&#8221;white&#8221; el_border_width=&#8221;15&#8243; css_animation=&#8221;fadeInUp&#8221; css=&#8221;.vc_custom_1661260972488{padding-top: 30px !important;padding-bottom: 30px !important;}&#8221;][\/vc_column][\/vc_row][vc_row css_animation=&#8221;&#8221; row_type=&#8221;row&#8221; use_row_as_full_screen_section=&#8221;no&#8221; type=&#8221;full_width&#8221; angled_section=&#8221;no&#8221; text_align=&#8221;left&#8221; background_image_as_pattern=&#8221;without_pattern&#8221; css=&#8221;.vc_custom_1661260961769{padding-top: 20px !important;padding-bottom: 20px !important;}&#8221; z_index=&#8221;&#8221;][vc_column width=&#8221;2\/3&#8243;][vc_column_text css=&#8221;.vc_custom_1662645899588{padding-top: 20px !important;padding-bottom: 20px !important;}&#8221;]<\/p>\n<h3><strong>W-1<\/strong><\/h3>\n<p>[\/vc_column_text]<div class=\"qode-accordion-holder clearfix qode-accordion qode-initial \">\n\t<h3 class=\"clearfix qode-title-holder\">\n<span class=\"qode-tab-title\">\n\t    <span class=\"qode-tab-title-inner\">\n        Anwendung    <\/span>\n<\/span>\n<span class=\"qode-accordion-mark\">\n    <span class=\"qode-accordion-mark-icon\">\n        <span class=\"icon_plus\"><\/span>\n        <span class=\"icon_minus-06\"><\/span>\n    <\/span>\n<\/span>\n<\/h3>\n<div  class=\"qode-accordion-content \" >\n    <div class=\"qode-accordion-content-inner\">\n        [vc_column_text]<\/p>\n<p>Verbindungskabel f\u00fcr Elektrowerkzeuge<br \/>\nVerbindungskabel f\u00fcr Haushaltsger\u00e4te und Audio-\/Videoger\u00e4te<br \/>\nVerbindungskabel f\u00fcr Elektronik<br \/>\nAnschlusskabel f\u00fcr Zentralheizungskesselsteuerungen<br \/>\nVerbindungskabel f\u00fcr die IT-Branche<\/p>\n<p>[\/vc_column_text]    <\/div>\n<\/div><h3 class=\"clearfix qode-title-holder\">\n<span class=\"qode-tab-title\">\n\t    <span class=\"qode-tab-title-inner\">\n        Technische Daten    <\/span>\n<\/span>\n<span class=\"qode-accordion-mark\">\n    <span class=\"qode-accordion-mark-icon\">\n        <span class=\"icon_plus\"><\/span>\n        <span class=\"icon_minus-06\"><\/span>\n    <\/span>\n<\/span>\n<\/h3>\n<div  class=\"qode-accordion-content \" >\n    <div class=\"qode-accordion-content-inner\">\n        [vc_column_text]<\/p>\n<p>Farbe\/ Kabel \/ L\u00e4nge<br \/>\nH03VV-F 3G0,75 mm2 weiss\/schwarz zu vereinbaren<br \/>\nH05VV-F 3G0,75 mm2 weiss\/schwarz zu vereinbaren<br \/>\nH05VV-F 3G1,0 mm2 weiss\/schwarz zu vereinbaren<br \/>\nH05VV-F 3G1,5 mm2 weiss\/schwarz zu vereinbaren<br \/>\nH05RR-F 3G0,75 mm2 schwarz(Gummi) zu vereinbaren<br \/>\nH05RR-F 3G1,0 mm2 schwarz(Gummi) zu vereinbaren<br \/>\nH05RR-F 3G1,5 mm2 schwarz(Gummi) zu vereinbaren<br \/>\nH05RN-F 3G0.75 mm2 schwarz(Gummi) zu vereinbaren<br \/>\nH05RN-F 3G1.0 mm2 schwarz(Gummi) zu vereinbaren<br \/>\nH07RN-F 3G1.0 mm2 schwarz(Gummi) zu vereinbaren<br \/>\nH07RN-F 3G1,5 mm2 schwarz(Gummi) zu vereinbaren<\/p>\n<p>[\/vc_column_text]    <\/div>\n<\/div><\/div>[\/vc_column][vc_column width=&#8221;1\/3&#8243;][vc_single_image image=&#8221;559&#8243; img_size=&#8221;full&#8221; alignment=&#8221;right&#8221; qode_css_animation=&#8221;element_from_right&#8221; css=&#8221;.vc_custom_1661268524121{padding-top: 50px !important;}&#8221;][\/vc_column][\/vc_row][vc_row css_animation=&#8221;&#8221; row_type=&#8221;row&#8221; use_row_as_full_screen_section=&#8221;no&#8221; type=&#8221;full_width&#8221; angled_section=&#8221;no&#8221; text_align=&#8221;left&#8221; background_image_as_pattern=&#8221;without_pattern&#8221; css=&#8221;.vc_custom_1661260961769{padding-top: 20px !important;padding-bottom: 20px !important;}&#8221; z_index=&#8221;&#8221;][vc_column width=&#8221;2\/3&#8243;][vc_zigzag color=&#8221;white&#8221; el_border_width=&#8221;15&#8243; css_animation=&#8221;fadeInUp&#8221; css=&#8221;.vc_custom_1661260972488{padding-top: 30px !important;padding-bottom: 30px !important;}&#8221;][vc_column_text css=&#8221;.vc_custom_1662645921805{padding-top: 20px !important;padding-bottom: 20px !important;}&#8221;]<\/p>\n<h3><strong>W-7<\/strong><\/h3>\n<p>[\/vc_column_text]<div class=\"qode-accordion-holder clearfix qode-accordion qode-initial \">\n\t<h3 class=\"clearfix qode-title-holder\">\n<span class=\"qode-tab-title\">\n\t    <span class=\"qode-tab-title-inner\">\n        Anwendung    <\/span>\n<\/span>\n<span class=\"qode-accordion-mark\">\n    <span class=\"qode-accordion-mark-icon\">\n        <span class=\"icon_plus\"><\/span>\n        <span class=\"icon_minus-06\"><\/span>\n    <\/span>\n<\/span>\n<\/h3>\n<div  class=\"qode-accordion-content \" >\n    <div class=\"qode-accordion-content-inner\">\n        [vc_column_text]<\/p>\n<p>Verbindungskabel f\u00fcr Elektrowerkzeuge<br \/>\nVerbindungskabel f\u00fcr Haushaltsger\u00e4te und Audio-\/Videoger\u00e4te<br \/>\nVerbindungskabel f\u00fcr Elektronik<br \/>\nAnschlusskabel f\u00fcr Zentralheizungskesselsteuerungen<br \/>\nVerbindungskabel f\u00fcr die IT-Branche<\/p>\n<p>[\/vc_column_text]    <\/div>\n<\/div><h3 class=\"clearfix qode-title-holder\">\n<span class=\"qode-tab-title\">\n\t    <span class=\"qode-tab-title-inner\">\n        Technische Daten    <\/span>\n<\/span>\n<span class=\"qode-accordion-mark\">\n    <span class=\"qode-accordion-mark-icon\">\n        <span class=\"icon_plus\"><\/span>\n        <span class=\"icon_minus-06\"><\/span>\n    <\/span>\n<\/span>\n<\/h3>\n<div  class=\"qode-accordion-content \" >\n    <div class=\"qode-accordion-content-inner\">\n        [vc_column_text]Farbe\/ Kabel \/ L\u00e4nge<\/p>\n<p>H03VV-F 3G0,75 mm2 weiss\/schwarz zu vereinbaren<br \/>\nH05VV-F 3G0,75 mm2 weiss\/schwarz zu vereinbaren<br \/>\nH05VV-F 3G1,0 mm2 weiss\/schwarz zu vereinbaren<br \/>\nH05VV-F 3G1,5 mm2 weiss\/schwarz zu vereinbaren<br \/>\nH05RR-F 3G0,75 mm2 schwarz(Gummi) zu vereinbaren<br \/>\nH05RR-F 3G1,0 mm2 schwarz(Gummi) zu vereinbaren<br \/>\nH05RR-F 3G1,5 mm2 schwarz(Gummi) zu vereinbaren<br \/>\nH05RN-F 3G0.75 mm2 schwarz(Gummi) zu vereinbaren<br \/>\nH05RN-F 3G1.0 mm2 schwarz(Gummi) zu vereinbaren<br \/>\nH07RN-F 3G1.0 mm2 schwarz(Gummi) zu vereinbaren<br \/>\nH07RN-F 3G1,5 mm2 schwarz(Gummi) zu vereinbaren<\/p>\n<p>[\/vc_column_text]    <\/div>\n<\/div><\/div>[\/vc_column][vc_column width=&#8221;1\/3&#8243;][vc_single_image image=&#8221;554&#8243; img_size=&#8221;full&#8221; alignment=&#8221;right&#8221; qode_css_animation=&#8221;element_from_right&#8221; css=&#8221;.vc_custom_1661268532940{padding-top: 50px !important;}&#8221;][\/vc_column][\/vc_row][vc_row css_animation=&#8221;&#8221; row_type=&#8221;row&#8221; use_row_as_full_screen_section=&#8221;no&#8221; type=&#8221;full_width&#8221; angled_section=&#8221;no&#8221; text_align=&#8221;left&#8221; background_image_as_pattern=&#8221;without_pattern&#8221; css=&#8221;.vc_custom_1661260961769{padding-top: 20px !important;padding-bottom: 20px !important;}&#8221; z_index=&#8221;&#8221;][vc_column width=&#8221;2\/3&#8243;][vc_zigzag color=&#8221;white&#8221; el_border_width=&#8221;15&#8243; css_animation=&#8221;fadeInUp&#8221; css=&#8221;.vc_custom_1661260972488{padding-top: 30px !important;padding-bottom: 30px !important;}&#8221;][vc_column_text]<\/p>\n<h3><strong>W-6<\/strong><\/h3>\n<p>[\/vc_column_text]<div class=\"qode-accordion-holder clearfix qode-accordion qode-initial \">\n\t<h3 class=\"clearfix qode-title-holder\">\n<span class=\"qode-tab-title\">\n\t    <span class=\"qode-tab-title-inner\">\n        Anwendung    <\/span>\n<\/span>\n<span class=\"qode-accordion-mark\">\n    <span class=\"qode-accordion-mark-icon\">\n        <span class=\"icon_plus\"><\/span>\n        <span class=\"icon_minus-06\"><\/span>\n    <\/span>\n<\/span>\n<\/h3>\n<div  class=\"qode-accordion-content \" >\n    <div class=\"qode-accordion-content-inner\">\n        [vc_column_text]<\/p>\n<p>Verbindungskabel f\u00fcr Elektrowerkzeuge<br \/>\nAnschlusskabel f\u00fcr Haushaltsger\u00e4te<br \/>\nVerbindungskabel f\u00fcr Elektronik<br \/>\nAnschlusskabel f\u00fcr die Ofensteuerungen<\/p>\n<p>[\/vc_column_text]    <\/div>\n<\/div><h3 class=\"clearfix qode-title-holder\">\n<span class=\"qode-tab-title\">\n\t    <span class=\"qode-tab-title-inner\">\n        Technische Daten    <\/span>\n<\/span>\n<span class=\"qode-accordion-mark\">\n    <span class=\"qode-accordion-mark-icon\">\n        <span class=\"icon_plus\"><\/span>\n        <span class=\"icon_minus-06\"><\/span>\n    <\/span>\n<\/span>\n<\/h3>\n<div  class=\"qode-accordion-content \" >\n    <div class=\"qode-accordion-content-inner\">\n        [vc_column_text]Farbe\/ Kabel \/ L\u00e4nge<\/p>\n<p>H03VV-F 2\u00d70,5 mm2 weiss\/schwarz bis 2 m<br \/>\nH03VV-F 2\u00d70,75 mm2 weiss\/schwarz zu vereinbaren<br \/>\nH05VV-F 2\u00d71,0 mm2 weiss\/schwarz zu vereinbaren<br \/>\nH05VV-F 2\u00d71,5 mm2 weiss\/schwarz zu vereinbaren<br \/>\nH05RR-F 2\u00d70,75 mm2 schwarz(Gummi) zu vereinbaren<br \/>\nH05RN-F 2\u00d70,75 mm2 schwarz(Gummi) zu vereinbaren<br \/>\nH05RR-F 2\u00d71,0 mm2 schwarz(Gummi) zu vereinbaren<br \/>\nH05RN-F 2\u00d71,0 mm2 schwarz(Gummi) zu vereinbaren<br \/>\nH07RN-F 2G1,0 mm2 schwarz(Gummi) zu vereinbaren<br \/>\nH05RR-F 2G1,5 mm2 schwarz(Gummi) zu vereinbaren<br \/>\nH05RN-F 2G1,5 mm2 schwarz(Gummi) zu vereinbaren<br \/>\nH07RN-F 2G1,5 mm2 schwarz(Gummi) zu vereinbaren<\/p>\n<p>[\/vc_column_text]    <\/div>\n<\/div><\/div>[\/vc_column][vc_column width=&#8221;1\/3&#8243;][vc_single_image image=&#8221;558&#8243; img_size=&#8221;full&#8221; alignment=&#8221;right&#8221; qode_css_animation=&#8221;element_from_right&#8221; css=&#8221;.vc_custom_1661268557297{padding-top: 50px !important;}&#8221;][\/vc_column][\/vc_row][vc_row css_animation=&#8221;&#8221; row_type=&#8221;row&#8221; use_row_as_full_screen_section=&#8221;no&#8221; type=&#8221;full_width&#8221; angled_section=&#8221;no&#8221; text_align=&#8221;left&#8221; background_image_as_pattern=&#8221;without_pattern&#8221; css=&#8221;.vc_custom_1661260961769{padding-top: 20px !important;padding-bottom: 20px !important;}&#8221; z_index=&#8221;&#8221;][vc_column width=&#8221;2\/3&#8243;][vc_zigzag color=&#8221;white&#8221; el_border_width=&#8221;15&#8243; css_animation=&#8221;fadeInUp&#8221; css=&#8221;.vc_custom_1661260972488{padding-top: 30px !important;padding-bottom: 30px !important;}&#8221;][vc_column_text]<\/p>\n<h3><strong>W-8 IP 44 kl. I<\/strong><\/h3>\n<p>[\/vc_column_text]<div class=\"qode-accordion-holder clearfix qode-accordion qode-initial \">\n\t<h3 class=\"clearfix qode-title-holder\">\n<span class=\"qode-tab-title\">\n\t    <span class=\"qode-tab-title-inner\">\n        Anwendung    <\/span>\n<\/span>\n<span class=\"qode-accordion-mark\">\n    <span class=\"qode-accordion-mark-icon\">\n        <span class=\"icon_plus\"><\/span>\n        <span class=\"icon_minus-06\"><\/span>\n    <\/span>\n<\/span>\n<\/h3>\n<div  class=\"qode-accordion-content \" >\n    <div class=\"qode-accordion-content-inner\">\n        [vc_column_text]<\/p>\n<p>Verbindungskabel f\u00fcr Maschinen und Ger\u00e4te<br \/>\nVerl\u00e4ngerungskabel f\u00fcr den Au\u00dfenbereich<\/p>\n<p>[\/vc_column_text]    <\/div>\n<\/div><h3 class=\"clearfix qode-title-holder\">\n<span class=\"qode-tab-title\">\n\t    <span class=\"qode-tab-title-inner\">\n        Technische Daten    <\/span>\n<\/span>\n<span class=\"qode-accordion-mark\">\n    <span class=\"qode-accordion-mark-icon\">\n        <span class=\"icon_plus\"><\/span>\n        <span class=\"icon_minus-06\"><\/span>\n    <\/span>\n<\/span>\n<\/h3>\n<div  class=\"qode-accordion-content \" >\n    <div class=\"qode-accordion-content-inner\">\n        [vc_column_text]Farbe\/ Kabel \/ L\u00e4nge<\/p>\n<p>H05VV-F 3G1,0 mm2 (weiss \/ schwarz) zu vereinbaren<br \/>\nH05VV-F 3G1,5 mm2 (weiss \/ schwarz) zu vereinbaren<br \/>\nH05RR-F 3G0,75 mm2 schwarz(Gummi) zu vereinbaren<br \/>\nH05RR-F 3G1,0 mm2 schwarz(Gummi) zu vereinbaren<br \/>\nH05RR-F 3G1,5 mm2 schwarz(Gummi) zu vereinbaren<br \/>\nH05RN-F 3G0,75 mm2 schwarz(Gummi) zu vereinbaren<br \/>\nH05RN-F 3G1,0 mm2 schwarz(Gummi) zu vereinbaren<br \/>\nH07RN-F 3G1,0 mm2 schwarz(Gummi) zu vereinbaren<br \/>\nH07RN-F 3G1,5 mm2 schwarz(Gummi) zu vereinbaren<\/p>\n<p>[\/vc_column_text]    <\/div>\n<\/div><\/div>[\/vc_column][vc_column width=&#8221;1\/3&#8243;][vc_single_image image=&#8221;555&#8243; img_size=&#8221;full&#8221; alignment=&#8221;right&#8221; qode_css_animation=&#8221;element_from_right&#8221; css=&#8221;.vc_custom_1661268566069{padding-top: 50px !important;}&#8221;][\/vc_column][\/vc_row][vc_row css_animation=&#8221;&#8221; row_type=&#8221;row&#8221; use_row_as_full_screen_section=&#8221;no&#8221; type=&#8221;full_width&#8221; angled_section=&#8221;no&#8221; text_align=&#8221;left&#8221; background_image_as_pattern=&#8221;without_pattern&#8221; css=&#8221;.vc_custom_1661260961769{padding-top: 20px !important;padding-bottom: 20px !important;}&#8221; z_index=&#8221;&#8221;][vc_column width=&#8221;2\/3&#8243;][vc_zigzag color=&#8221;white&#8221; el_border_width=&#8221;15&#8243; css_animation=&#8221;fadeInUp&#8221; css=&#8221;.vc_custom_1661260972488{padding-top: 30px !important;padding-bottom: 30px !important;}&#8221;][vc_column_text]<\/p>\n<h3><strong>W-8 IP 44 kl. II<\/strong><\/h3>\n<p>[\/vc_column_text]<div class=\"qode-accordion-holder clearfix qode-accordion qode-initial \">\n\t<h3 class=\"clearfix qode-title-holder\">\n<span class=\"qode-tab-title\">\n\t    <span class=\"qode-tab-title-inner\">\n        Anwendung    <\/span>\n<\/span>\n<span class=\"qode-accordion-mark\">\n    <span class=\"qode-accordion-mark-icon\">\n        <span class=\"icon_plus\"><\/span>\n        <span class=\"icon_minus-06\"><\/span>\n    <\/span>\n<\/span>\n<\/h3>\n<div  class=\"qode-accordion-content \" >\n    <div class=\"qode-accordion-content-inner\">\n        [vc_column_text]<\/p>\n<p>Verbindungskabel f\u00fcr Maschinen und Ger\u00e4te<br \/>\nVerl\u00e4ngerungskabel f\u00fcr den Au\u00dfenbereich<\/p>\n<p>[\/vc_column_text]    <\/div>\n<\/div><h3 class=\"clearfix qode-title-holder\">\n<span class=\"qode-tab-title\">\n\t    <span class=\"qode-tab-title-inner\">\n        Technische Daten    <\/span>\n<\/span>\n<span class=\"qode-accordion-mark\">\n    <span class=\"qode-accordion-mark-icon\">\n        <span class=\"icon_plus\"><\/span>\n        <span class=\"icon_minus-06\"><\/span>\n    <\/span>\n<\/span>\n<\/h3>\n<div  class=\"qode-accordion-content \" >\n    <div class=\"qode-accordion-content-inner\">\n        [vc_column_text]Farbe\/ Kabel \/ L\u00e4nge<\/p>\n<p>H05RR-F 2\u00d71,0 mm2 schwarz(Gummi) zu vereinbaren<br \/>\nH05RR-F 2\u00d71,5 mm2 schwarz(Gummi) zu vereinbaren<br \/>\nH05RN-F 2\u00d70,75 mm2 schwarz(Gummi) zu vereinbaren<br \/>\nH05RN-F 2\u00d71,0 mm2 schwarz(Gummi) zu vereinbaren<br \/>\nH07RN-F 2\u00d71,0 mm2 schwarz(Gummi) zu vereinbaren<br \/>\nH07RN-F 2\u00d71,5 mm2 schwarz(Gummi) zu vereinbaren<\/p>\n<p>[\/vc_column_text]    <\/div>\n<\/div><\/div>[\/vc_column][vc_column width=&#8221;1\/3&#8243;][vc_single_image image=&#8221;556&#8243; img_size=&#8221;full&#8221; alignment=&#8221;right&#8221; qode_css_animation=&#8221;element_from_right&#8221; css=&#8221;.vc_custom_1661268580412{padding-top: 50px !important;}&#8221;][\/vc_column][\/vc_row][vc_row css_animation=&#8221;&#8221; row_type=&#8221;row&#8221; use_row_as_full_screen_section=&#8221;no&#8221; type=&#8221;full_width&#8221; angled_section=&#8221;no&#8221; text_align=&#8221;left&#8221; background_image_as_pattern=&#8221;without_pattern&#8221; css=&#8221;.vc_custom_1661260961769{padding-top: 20px !important;padding-bottom: 20px !important;}&#8221; z_index=&#8221;&#8221;][vc_column width=&#8221;2\/3&#8243;][vc_zigzag color=&#8221;white&#8221; el_border_width=&#8221;15&#8243; css_animation=&#8221;fadeInUp&#8221; css=&#8221;.vc_custom_1661260972488{padding-top: 30px !important;padding-bottom: 30px !important;}&#8221;][vc_column_text]<\/p>\n<h3><strong>SP-1<\/strong><\/h3>\n<p>[\/vc_column_text]<div class=\"qode-accordion-holder clearfix qode-accordion qode-initial \">\n\t<h3 class=\"clearfix qode-title-holder\">\n<span class=\"qode-tab-title\">\n\t    <span class=\"qode-tab-title-inner\">\n        Anwendung    <\/span>\n<\/span>\n<span class=\"qode-accordion-mark\">\n    <span class=\"qode-accordion-mark-icon\">\n        <span class=\"icon_plus\"><\/span>\n        <span class=\"icon_minus-06\"><\/span>\n    <\/span>\n<\/span>\n<\/h3>\n<div  class=\"qode-accordion-content \" >\n    <div class=\"qode-accordion-content-inner\">\n        [vc_column_text]<\/p>\n<p>Verbindungskabel f\u00fcr Haushaltsger\u00e4te und Audio-\/Videoger\u00e4te<br \/>\nVerbindungskabel f\u00fcr Elektronik<\/p>\n<p>[\/vc_column_text]    <\/div>\n<\/div><h3 class=\"clearfix qode-title-holder\">\n<span class=\"qode-tab-title\">\n\t    <span class=\"qode-tab-title-inner\">\n        Technische Daten    <\/span>\n<\/span>\n<span class=\"qode-accordion-mark\">\n    <span class=\"qode-accordion-mark-icon\">\n        <span class=\"icon_plus\"><\/span>\n        <span class=\"icon_minus-06\"><\/span>\n    <\/span>\n<\/span>\n<\/h3>\n<div  class=\"qode-accordion-content \" >\n    <div class=\"qode-accordion-content-inner\">\n        [vc_column_text]Farbe\/ Kabel \/ L\u00e4nge<\/p>\n<p>H03VVH2-F 2\u00d70,5 mm2 weiss\/schwarz bis 2 m<br \/>\nH03VVH2-F 2\u00d70,75 mm2 weiss\/schwarz zu vereinbaren<br \/>\nH05VVH2-F 2\u00d70,75 mm2 weiss\/schwarz zu vereinbaren<\/p>\n<p>[\/vc_column_text]    <\/div>\n<\/div><\/div>[\/vc_column][vc_column width=&#8221;1\/3&#8243;][vc_single_image image=&#8221;563&#8243; img_size=&#8221;full&#8221; alignment=&#8221;right&#8221; qode_css_animation=&#8221;element_from_right&#8221; css=&#8221;.vc_custom_1661268588955{padding-top: 50px !important;}&#8221;][\/vc_column][\/vc_row]<\/p>\n","protected":false},"excerpt":{"rendered":"<p>[vc_row css_animation=&#8221;&#8221; row_type=&#8221;row&#8221; use_row_as_full_screen_section=&#8221;no&#8221; type=&#8221;full_width&#8221; angled_section=&#8221;no&#8221; text_align=&#8221;left&#8221; background_image_as_pattern=&#8221;without_pattern&#8221;][vc_column][vc_column_text css=&#8221;.vc_custom_1662645833476{padding-top: 20px !important;padding-bottom: 20px !important;}&#8221;] Stecker [\/vc_column_text][vc_zigzag color=&#8221;white&#8221; el_border_width=&#8221;15&#8243; css_animation=&#8221;fadeInUp&#8221; css=&#8221;.vc_custom_1661260972488{padding-top: 30px !important;padding-bottom: 30px !important;}&#8221;][\/vc_column][\/vc_row][vc_row css_animation=&#8221;&#8221; row_type=&#8221;row&#8221; use_row_as_full_screen_section=&#8221;no&#8221; type=&#8221;full_width&#8221; angled_section=&#8221;no&#8221; text_align=&#8221;left&#8221; background_image_as_pattern=&#8221;without_pattern&#8221; css=&#8221;.vc_custom_1661260961769{padding-top: 20px !important;padding-bottom: 20px !important;}&#8221; z_index=&#8221;&#8221;][vc_column width=&#8221;2\/3&#8243;][vc_column_text css=&#8221;.vc_custom_1662645899588{padding-top: 20px !important;padding-bottom: 20px !important;}&#8221;] W-1 [\/vc_column_text][\/vc_column][vc_column width=&#8221;1\/3&#8243;][vc_single_image&#8230;<\/p>\n","protected":false},"author":1,"featured_media":0,"parent":0,"menu_order":0,"comment_status":"closed","ping_status":"open","template":"","meta":[],"_links":{"self":[{"href":"https:\/\/www.metpol.net\/de\/wp-json\/wp\/v2\/pages\/2"}],"collection":[{"href":"https:\/\/www.metpol.net\/de\/wp-json\/wp\/v2\/pages"}],"about":[{"href":"https:\/\/www.metpol.net\/de\/wp-json\/wp\/v2\/types\/page"}],"author":[{"embeddable":true,"href":"https:\/\/www.metpol.net\/de\/wp-json\/wp\/v2\/users\/1"}],"replies":[{"embeddable":true,"href":"https:\/\/www.metpol.net\/de\/wp-json\/wp\/v2\/comments?post=2"}],"version-history":[{"count":72,"href":"https:\/\/www.metpol.net\/de\/wp-json\/wp\/v2\/pages\/2\/revisions"}],"predecessor-version":[{"id":925,"href":"https:\/\/www.metpol.net\/de\/wp-json\/wp\/v2\/pages\/2\/revisions\/925"}],"wp:attachment":[{"href":"https:\/\/www.metpol.net\/de\/wp-json\/wp\/v2\/media?parent=2"}],"curies":[{"name":"wp","href":"https:\/\/api.w.org\/{rel}","templated":true}]}}